{"id":8394,"date":"2016-09-24T08:42:18","date_gmt":"2016-09-24T08:42:18","guid":{"rendered":"https:\/\/k-electric.com.vn\/contact-us\/"},"modified":"2025-11-14T08:57:14","modified_gmt":"2025-11-14T08:57:14","slug":"lien-he","status":"publish","type":"page","link":"https:\/\/k-electric.com.vn\/vi\/lien-he\/","title":{"rendered":"Li\u00ean h\u1ec7"},"content":{"rendered":"<p>[vc_row full_width=&#8221;stretch_row&#8221; css=&#8221;.vc_custom_1468649891694{padding-top: 5px !important;padding-bottom: 20px !important;}&#8221; el_class=&#8221;contact-section1&#8243;][vc_column][vc_custom_heading text=&#8221;Li\u00ean h\u1ec7 v\u1edbi ch\u00fang t\u00f4i n\u1ebfu c\u00f3 b\u1ea5t k\u1ef3 th\u1eafc m\u1eafc n\u00e0o&#8221; font_container=&#8221;tag:h2|text_align:center&#8221; use_theme_fonts=&#8221;yes&#8221;][vc_column_text css=&#8221;.vc_custom_1661131781762{padding-right: 15% !important;padding-left: 15% !important;}&#8221; css_animation=&#8221;none&#8221;]T\u01b0 v\u1ea5n cho c\u00e1c c\u00f4ng ty H\u00e0n Qu\u1ed1c gia nh\u1eadp th\u1ecb tr\u01b0\u1eddng Vi\u1ec7t Nam trong giai \u0111o\u1ea1n \u0111\u1ea7u v\u00e0 gi\u1edbi thi\u1ec7u c\u00e1c \u0111\u1ed1i t\u00e1c kinh doanh Vi\u1ec7t Nam.[\/vc_column_text]<div class=\"ult-spacer spacer-69d260410379a\" data-id=\"69d260410379a\" data-height=\"20\" data-height-mobile=\"20\" data-height-tab=\"20\" data-height-tab-portrait=\"\" data-height-mobile-landscape=\"\" style=\"clear:both;display:block;\"><\/div>[vc_row_inner css=&#8221;.vc_custom_1475734366257{margin-bottom: 40px !important;}&#8221;][vc_column_inner width=&#8221;1\/4&#8243;]<div class='dt-sc-contact-info type2 '><span class='fa fa-map-marker'> <\/span><h6>\u0110\u1ecba ch\u1ec9<\/h6>Lot E2, Road 5, Long Binh Industrial Park (LOTECO), Long Binh Ward, Dong Nai Province.<\/div>[\/vc_column_inner][vc_column_inner width=&#8221;1\/4&#8243;]<div class='dt-sc-contact-info type2 '><span class='fa fa-envelope'> <\/span><h6>E-mail<\/h6><\/div>[\/vc_column_inner][vc_column_inner width=&#8221;1\/4&#8243;]<div class='dt-sc-contact-info type2 '><span class='fa fa-phone'> <\/span><h6>\u0110i\u1ec7n tho\u1ea1i<\/h6>(+84) 251 3993 002<\/div>[\/vc_column_inner][vc_column_inner width=&#8221;1\/4&#8243;]<div class='dt-sc-contact-info type2 '><span class='fa fa-clock-o'> <\/span><h6>Th\u1eddi Gian<\/h6>Th\u1ee9 2 &#8211; Th\u1ee9 7 : 7:30am &#8211; 4:40pm<\/div>[\/vc_column_inner][\/vc_row_inner][\/vc_column][\/vc_row][vc_row][vc_column][vc_single_image image=&#8221;9364&#8243; img_size=&#8221;full&#8221; alignment=&#8221;center&#8221;][\/vc_column][\/vc_row][vc_row full_width=&#8221;stretch_row_content_no_spaces&#8221; css=&#8221;.vc_custom_1475063801316{margin-bottom: 0px !important;padding-bottom: 0px !important;}&#8221;][vc_column css=&#8221;.vc_custom_1475063682777{margin-bottom: 0px !important;padding-bottom: 0px !important;}&#8221;][vc_raw_html]JTNDaWZyYW1lJTIwc3JjJTNEJTIyaHR0cHMlM0ElMkYlMkZ3d3cuZ29vZ2xlLmNvbSUyRm1hcHMlMkZlbWJlZCUzRnBiJTNEJTIxMW0xOCUyMTFtMTIlMjExbTMlMjExZDM5MTcuNDc4ODU5NzA3MzQ1MiUyMTJkMTA2Ljg4ODA1NzMxNTE2OTQlMjEzZDEwLjkyNzE1NDM3ODE0MTI4NSUyMTJtMyUyMTFmMCUyMTJmMCUyMTNmMCUyMTNtMiUyMTFpMTAyNCUyMTJpNzY4JTIxNGYxMy4xJTIxM20zJTIxMW0yJTIxMXMweDMxNzRkZTExZjM5NjdhYWIlMjUzQTB4NGEyMTk5YzAzYzk4ZTIwMyUyMTJzRE9OR0pJTiUyNTIwVklFVE5BTSUyNTIwSlNDLiUyMTVlMCUyMTNtMiUyMTFzdmklMjEycyUyMTR2MTY2ODY1NDc0ODkwOSUyMTVtMiUyMTFzdmklMjEycyUyMiUyMHdpZHRoJTNEJTIyMTAwJTI1JTIyJTIwaGVpZ2h0JTNEJTIyNDUwJTIyJTIwc3R5bGUlM0QlMjJib3JkZXIlM0EwJTNCJTIyJTIwYWxsb3dmdWxsc2NyZWVuJTNEJTIyJTIyJTIwbG9hZGluZyUzRCUyMmxhenklMjIlMjByZWZlcnJlcnBvbGljeSUzRCUyMm5vLXJlZmVycmVyLXdoZW4tZG93bmdyYWRlJTIyJTNFJTNDJTJGaWZyYW1lJTNF[\/vc_raw_html][\/vc_column][\/vc_row][vc_row full_width=&#8221;stretch_row&#8221; bg_type=&#8221;image&#8221; parallax_style=&#8221;vcpb-vz-jquery&#8221; bg_image_new=&#8221;id^21|url^http:\/\/localhost\/solar\/wp-content\/uploads\/2016\/09\/about-trans-img.jpg|caption^null|alt^null|title^about-trans-img|description^null&#8221; enable_overlay=&#8221;enable_overlay_value&#8221; overlay_color=&#8221;rgba(0,0,0,0.8)&#8221; css=&#8221;.vc_custom_1475063844651{margin-top: -36px !important;padding-top: 7% !important;padding-bottom: 5% !important;}&#8221; el_class=&#8221;about-section3&#8243;][vc_column][vc_custom_heading text=&#8221;Nh\u1eadn t\u01b0 v\u1ea5n mi\u1ec5n ph\u00ed v\u1ec1 d\u1ef1 \u00e1n c\u1ee7a b\u1ea1n&#8221; font_container=&#8221;tag:h2|text_align:center&#8221; use_theme_fonts=&#8221;yes&#8221; css=&#8221;.vc_custom_1661134087841{margin-bottom: 10px !important;}&#8221; el_class=&#8221;dt-color-sec&#8221;][vc_column_text el_class=&#8221;para-txt color-white&#8221;][\/vc_column_text][vc_row_inner el_class=&#8221;aligncenter&#8221;][vc_column_inner]<a href='#' target='_self' title='' class='dt-sc-button   medium icon-right with-icon  fully-rounded-border  light-bg' >ASK US A QUESTIONS <span class='fa fa-envelope'> <\/span><\/a>[\/vc_column_inner][\/vc_row_inner][\/vc_column][\/vc_row][vc_row css=&#8221;.vc_custom_1475063942944{padding-top: 7% !important;}&#8221; el_class=&#8221;contact-section3&#8243;][vc_column width=&#8221;1\/3&#8243;][vc_custom_heading text=&#8221;M\u1eabu \u0111i\u1ec1n th\u00f4ng tin&#8221; font_container=&#8221;tag:h2|font_size:36|text_align:left&#8221; use_theme_fonts=&#8221;yes&#8221;][vc_column_text]C\u00f3, t\u00f4i quan t\u00e2m \u0111\u1ebfn vi\u1ec7c c\u00e1c c\u00f4ng ty H\u00e0n Qu\u1ed1c gia nh\u1eadp th\u1ecb tr\u01b0\u1eddng Vi\u1ec7t Nam trong giai \u0111o\u1ea1n \u0111\u1ea7u v\u00e0 gi\u1edbi thi\u1ec7u c\u00e1c \u0111\u1ed1i t\u00e1c kinh doanh Vi\u1ec7t Nam.[\/vc_column_text][\/vc_column][vc_column width=&#8221;2\/3&#8243;]<div role=\"form\" class=\"wpcf7\" id=\"wpcf7-f617-o1\" lang=\"en-US\" dir=\"ltr\">\n<div class=\"screen-reader-response\"><p role=\"status\" aria-live=\"polite\" aria-atomic=\"true\"><\/p> <ul><\/ul><\/div>\n<form action=\"\/vi\/wp-json\/wp\/v2\/pages\/8394#wpcf7-f617-o1\" method=\"post\" class=\"wpcf7-form init dt-contact-frm\" novalidate=\"novalidate\" data-status=\"init\">\n<div style=\"display: none;\">\n<input type=\"hidden\" name=\"_wpcf7\" value=\"617\" \/>\n<input type=\"hidden\" name=\"_wpcf7_version\" value=\"5.6\" \/>\n<input type=\"hidden\" name=\"_wpcf7_locale\" value=\"en_US\" \/>\n<input type=\"hidden\" name=\"_wpcf7_unit_tag\" value=\"wpcf7-f617-o1\" \/>\n<input type=\"hidden\" name=\"_wpcf7_container_post\" value=\"0\" \/>\n<input type=\"hidden\" name=\"_wpcf7_posted_data_hash\" value=\"\" \/>\n<\/div>\n<div style=\"display: none\"><p><span class=\"wpcf7-form-control-wrap\" data-name=\"mbws\"><input size=\"40\" class=\"wpcf7-form-control wpcf7-text\" aria-invalid=\"false\" value=\"\" type=\"text\" name=\"mbws\"><\/span><\/p><\/div><p><span class=\"wpcf7-form-control-wrap\" data-name=\"text-414\"><input type=\"text\" name=\"text-414\" value=\"\" size=\"40\" class=\"wpcf7-form-control wpcf7-text\" aria-invalid=\"false\" placeholder=\"Name\" \/><\/span><\/p>\n<p><span class=\"wpcf7-form-control-wrap\" data-name=\"email-414\"><input type=\"text\" name=\"email-414\" value=\"\" size=\"40\" class=\"wpcf7-form-control wpcf7-text\" aria-invalid=\"false\" placeholder=\"E-mail\" \/><\/span><\/p>\n<p><span class=\"wpcf7-form-control-wrap\" data-name=\"textarea-698\"><textarea name=\"textarea-698\" cols=\"40\" rows=\"10\" class=\"wpcf7-form-control wpcf7-textarea\" aria-invalid=\"false\" placeholder=\"Message\"><\/textarea><\/span><\/p>\n<p><input type=\"submit\" value=\"Send\" class=\"wpcf7-form-control has-spinner wpcf7-submit\" \/><\/p>\n<div class=\"wpcf7-response-output\" aria-hidden=\"true\"><\/div><\/form><\/div>[\/vc_column][\/vc_row][vc_row css=&#8221;.vc_custom_1475066875955{padding-top: 6% !important;padding-bottom: 5% !important;}&#8221;][vc_column]<div class=\"dt-sc-partners-carousel-wrapper\" data-scroll=\"1\" data-visible=\"5\"><ul class='dt-sc-partners-carousel'><li><img width=\"119\" height=\"108\" src=\"https:\/\/k-electric.com.vn\/wp-content\/uploads\/2022\/07\/1.jpg\" class=\"attachment-full\" alt=\"\" loading=\"lazy\" title=\"1\" \/><\/li><li><img width=\"119\" height=\"108\" src=\"https:\/\/k-electric.com.vn\/wp-content\/uploads\/2022\/07\/2.jpg\" class=\"attachment-full\" alt=\"\" loading=\"lazy\" title=\"2\" \/><\/li><li><img width=\"119\" height=\"108\" src=\"https:\/\/k-electric.com.vn\/wp-content\/uploads\/2022\/07\/14.jpg\" class=\"attachment-full\" alt=\"\" loading=\"lazy\" title=\"14\" \/><\/li><li><img width=\"119\" height=\"108\" src=\"https:\/\/k-electric.com.vn\/wp-content\/uploads\/2022\/07\/13.jpg\" class=\"attachment-full\" alt=\"\" loading=\"lazy\" title=\"13\" \/><\/li><li><img width=\"119\" height=\"108\" src=\"https:\/\/k-electric.com.vn\/wp-content\/uploads\/2022\/07\/12.jpg\" class=\"attachment-full\" alt=\"\" loading=\"lazy\" title=\"12\" \/><\/li><li><img width=\"119\" height=\"108\" src=\"https:\/\/k-electric.com.vn\/wp-content\/uploads\/2022\/07\/11.jpg\" class=\"attachment-full\" alt=\"\" loading=\"lazy\" title=\"11\" \/><\/li><li><img width=\"119\" height=\"108\" src=\"https:\/\/k-electric.com.vn\/wp-content\/uploads\/2022\/07\/10.jpg\" class=\"attachment-full\" alt=\"\" loading=\"lazy\" title=\"10\" \/><\/li><li><img width=\"119\" height=\"108\" src=\"https:\/\/k-electric.com.vn\/wp-content\/uploads\/2022\/07\/9.jpg\" class=\"attachment-full\" alt=\"\" loading=\"lazy\" title=\"9\" \/><\/li><li><img width=\"119\" height=\"108\" src=\"https:\/\/k-electric.com.vn\/wp-content\/uploads\/2022\/07\/8.jpg\" class=\"attachment-full\" alt=\"\" loading=\"lazy\" title=\"8\" \/><\/li><li><img width=\"119\" height=\"108\" src=\"https:\/\/k-electric.com.vn\/wp-content\/uploads\/2022\/07\/7.jpg\" class=\"attachment-full\" alt=\"\" loading=\"lazy\" title=\"7\" \/><\/li><li><img width=\"119\" height=\"108\" src=\"https:\/\/k-electric.com.vn\/wp-content\/uploads\/2022\/07\/6.jpg\" class=\"attachment-full\" alt=\"\" loading=\"lazy\" title=\"6\" \/><\/li><li><img width=\"119\" height=\"108\" src=\"https:\/\/k-electric.com.vn\/wp-content\/uploads\/2022\/07\/5.jpg\" class=\"attachment-full\" alt=\"\" loading=\"lazy\" title=\"5\" \/><\/li><li><img width=\"119\" height=\"108\" src=\"https:\/\/k-electric.com.vn\/wp-content\/uploads\/2022\/07\/4.jpg\" class=\"attachment-full\" alt=\"\" loading=\"lazy\" title=\"4\" \/><\/li><li><img width=\"119\" height=\"108\" src=\"https:\/\/k-electric.com.vn\/wp-content\/uploads\/2022\/07\/3.jpg\" class=\"attachment-full\" alt=\"\" loading=\"lazy\" title=\"3\" \/><\/li><\/ul><div class=\"carousel-arrows\"><a href=\"\" class=\"partners-prev\"> <\/a><a href=\"\" class=\"partners-next\"> <\/a><\/div><\/div>[\/vc_column][\/vc_row]<\/p>\n","protected":false},"excerpt":{"rendered":"<p>[vc_row full_width=&#8221;stretch_row&#8221; css=&#8221;.vc_custom_1468649891694{padding-top: 5px !important;padding-bottom: 20px !important;}&#8221; el_class=&#8221;contact-section1&#8243;][vc_column][vc_custom_heading text=&#8221;Li\u00ean h\u1ec7 v\u1edbi ch\u00fang t\u00f4i n\u1ebfu c\u00f3 b\u1ea5t k\u1ef3 th\u1eafc m\u1eafc n\u00e0o&#8221; font_container=&#8221;tag:h2|text_align:center&#8221; use_theme_fonts=&#8221;yes&#8221;][vc_column_text css=&#8221;.vc_custom_1661131781762{padding-right: 15% !important;padding-left: 15% !important;}&#8221; css_animation=&#8221;none&#8221;]T\u01b0 v\u1ea5n cho c\u00e1c c\u00f4ng ty H\u00e0n Qu\u1ed1c gia nh\u1eadp th\u1ecb tr\u01b0\u1eddng Vi\u1ec7t Nam trong giai \u0111o\u1ea1n \u0111\u1ea7u v\u00e0 gi\u1edbi thi\u1ec7u c\u00e1c \u0111\u1ed1i t\u00e1c kinh doanh Vi\u1ec7t Nam.[\/vc_column_text][vc_row_inner [&hellip;]<\/p>\n","protected":false},"author":1,"featured_media":0,"parent":0,"menu_order":0,"comment_status":"closed","ping_status":"closed","template":"","meta":[],"_links":{"self":[{"href":"https:\/\/k-electric.com.vn\/vi\/wp-json\/wp\/v2\/pages\/8394"}],"collection":[{"href":"https:\/\/k-electric.com.vn\/vi\/wp-json\/wp\/v2\/pages"}],"about":[{"href":"https:\/\/k-electric.com.vn\/vi\/wp-json\/wp\/v2\/types\/page"}],"author":[{"embeddable":true,"href":"https:\/\/k-electric.com.vn\/vi\/wp-json\/wp\/v2\/users\/1"}],"replies":[{"embeddable":true,"href":"https:\/\/k-electric.com.vn\/vi\/wp-json\/wp\/v2\/comments?post=8394"}],"version-history":[{"count":16,"href":"https:\/\/k-electric.com.vn\/vi\/wp-json\/wp\/v2\/pages\/8394\/revisions"}],"predecessor-version":[{"id":9879,"href":"https:\/\/k-electric.com.vn\/vi\/wp-json\/wp\/v2\/pages\/8394\/revisions\/9879"}],"wp:attachment":[{"href":"https:\/\/k-electric.com.vn\/vi\/wp-json\/wp\/v2\/media?parent=8394"}],"curies":[{"name":"wp","href":"https:\/\/api.w.org\/{rel}","templated":true}]}}