{"id":8411,"date":"2022-08-05T08:00:43","date_gmt":"2022-08-05T08:00:43","guid":{"rendered":"https:\/\/k-electric.com.vn\/contact-us-2\/"},"modified":"2022-11-03T02:59:11","modified_gmt":"2022-11-03T02:59:11","slug":"contact-us-2","status":"publish","type":"page","link":"https:\/\/k-electric.com.vn\/vi\/contact-us-2\/","title":{"rendered":"N\u0102NG L\u01af\u1ee2NG M\u1eb6T TR\u1edcI"},"content":{"rendered":"<p>[vc_row][vc_column][vc_empty_space height=&#8221;20px&#8221;][\/vc_column][\/vc_row][vc_row][vc_column width=&#8221;1\/4&#8243;]<div class='dt-sc-icon-box type3 '><div class=\"icon-wrapper\"><span><img width=\"102\" height=\"102\" src=\"https:\/\/k-electric.com.vn\/wp-content\/uploads\/2016\/09\/icon-clean-power.png\" class=\"attachment-full\" alt=\"\" loading=\"lazy\" title=\"icon-clean-power\" srcset=\"https:\/\/k-electric.com.vn\/wp-content\/uploads\/2016\/09\/icon-clean-power.png 102w, https:\/\/k-electric.com.vn\/wp-content\/uploads\/2016\/09\/icon-clean-power-100x100.png 100w\" sizes=\"(max-width: 102px) 100vw, 102px\" \/><\/span><\/div><div class=\"icon-content\"><h4>M\u00e1i Nh\u00e0 N\u0103ng L\u01b0\u1ee3ng!!!<\/h4><p>Trong m\u1ecdi ng\u00f4n ng\u1eef, thi\u00ean nhi\u00ean c\u00f3 ngh\u0129a l\u00e0 m\u1eb9 v\u00e0 ch\u00fang ta \u0111\u01b0\u1ee3c k\u1ebft n\u1ed1i v\u1edbi nhau. H\u00e3y \u0111\u1ec3 ch\u00fang t\u00f4i gi\u1eef s\u1ee3i d\u00e2y k\u1ebft n\u1ed1i tuy\u1ec7t v\u1eddi n\u00e0y v\u00e0 h\u1ed7 tr\u1ee3 b\u1ea1n b\u1eb1ng nh\u1eefng c\u00e1ch \u0111\u01a1n gi\u1ea3n!<\/p><\/div><\/div>[\/vc_column][vc_column width=&#8221;1\/4&#8243;]<div class='dt-sc-icon-box type3 '><div class=\"icon-wrapper\"><span><img width=\"102\" height=\"102\" src=\"https:\/\/k-electric.com.vn\/wp-content\/uploads\/2016\/09\/icon-nature-energy.png\" class=\"attachment-full\" alt=\"\" loading=\"lazy\" title=\"icon-nature-energy\" srcset=\"https:\/\/k-electric.com.vn\/wp-content\/uploads\/2016\/09\/icon-nature-energy.png 102w, https:\/\/k-electric.com.vn\/wp-content\/uploads\/2016\/09\/icon-nature-energy-100x100.png 100w\" sizes=\"(max-width: 102px) 100vw, 102px\" \/><\/span><\/div><div class=\"icon-content\"><h4>Hi\u1ec7u \u1ee8ng Nh\u00e0 K\u00ednh<\/h4><p>M\u1ecdi ng\u01b0\u1eddi \u0111\u1ec1u \u0111ang g\u00f3p ph\u1ea7n v\u00e0o hi\u1ec7u \u1ee9ng n\u00f3ng l\u00ean to\u00e0n c\u1ea7u. T\u1ea1i sao kh\u00f4ng d\u1eebng l\u1ea1i, suy ngh\u0129 v\u00e0 t\u00ecm ki\u1ebfm ngu\u1ed3n n\u0103ng l\u01b0\u1ee3ng t\u1ef1 nhi\u00ean thay th\u1ebf cho nhu c\u1ea7u h\u00e0ng ng\u00e0y c\u1ee7a ch\u00fang ta. H\u00e3y th\u1ef1c hi\u1ec7n b\u01b0\u1edbc \u0111\u1ea7u ti\u00ean v\u1edbi Solar Zone.<\/p><\/div><\/div>[\/vc_column][vc_column width=&#8221;1\/4&#8243;]<div class='dt-sc-icon-box type3 '><div class=\"icon-wrapper\"><span><img width=\"102\" height=\"102\" src=\"https:\/\/k-electric.com.vn\/wp-content\/uploads\/2016\/09\/icon-innovative-ideas.png\" class=\"attachment-full\" alt=\"\" loading=\"lazy\" title=\"icon-innovative-ideas\" srcset=\"https:\/\/k-electric.com.vn\/wp-content\/uploads\/2016\/09\/icon-innovative-ideas.png 102w, https:\/\/k-electric.com.vn\/wp-content\/uploads\/2016\/09\/icon-innovative-ideas-100x100.png 100w\" sizes=\"(max-width: 102px) 100vw, 102px\" \/><\/span><\/div><div class=\"icon-content\"><h4>M\u00f4i Tr\u01b0\u1eddng T\u1ef1 Nhi\u00ean<\/h4><p>M\u1eb9 thi\u00ean nhi\u00ean lu\u00f4n g\u1eafn k\u1ebft ch\u00fang ta v\u00e0 ch\u00fang t\u00f4i s\u1ebd l\u00e0 ng\u01b0\u1eddi duy tr\u00ec s\u1ef1 k\u1ebft n\u1ed1i n\u00e0y b\u1eb1ng c\u00e1ch \u0111\u01b0a cho b\u1ea1n nh\u1eefng gi\u1ea3i ph\u00e1p t\u1ed1i \u01b0u, th\u00e2n thi\u1ec7n v\u1edbi m\u00f4i tr\u01b0\u1eddng v\u00e0 ti\u1ebft ki\u1ec7m chi ph\u00ed.<\/p><\/div><\/div>[\/vc_column][vc_column width=&#8221;1\/4&#8243;]<div class='dt-sc-icon-box type3 '><div class=\"icon-wrapper\"><span><img width=\"102\" height=\"102\" src=\"https:\/\/k-electric.com.vn\/wp-content\/uploads\/2016\/09\/icon-best-quality-panels.png\" class=\"attachment-full\" alt=\"\" loading=\"lazy\" title=\"icon-best-quality-panels\" srcset=\"https:\/\/k-electric.com.vn\/wp-content\/uploads\/2016\/09\/icon-best-quality-panels.png 102w, https:\/\/k-electric.com.vn\/wp-content\/uploads\/2016\/09\/icon-best-quality-panels-100x100.png 100w\" sizes=\"(max-width: 102px) 100vw, 102px\" \/><\/span><\/div><div class=\"icon-content\"><h4>T\u1ea5m N\u0103ng L\u01b0\u1ee3ng M\u1eb7t Tr\u1eddi<\/h4><p>Khi b\u1ea1n cam k\u1ebft ph\u00e1t tri\u1ec3n b\u1eb1ng nh\u1eefng nguy\u00ean li\u1ec7u b\u1eaft ngu\u1ed3n t\u1eeb thi\u00ean nhi\u00ean, b\u1ea1n s\u1ebd ng\u1ea1c nhi\u00ean khi th\u1ea5y n\u00f3 s\u1ebd h\u1ed7 tr\u1ee3 kinh t\u1ebf \u0111\u1ecba ph\u01b0\u01a1ng, ngu\u1ed3n lao \u0111\u1ed9ng v\u00e0 v\u1eadt li\u1ec7u.<\/p><\/div><\/div>[\/vc_column][\/vc_row][vc_row][vc_column][vc_empty_space height=&#8221;90px&#8221;][vc_row_inner][vc_column_inner width=&#8221;1\/2&#8243; col_space=&#8221;no-space&#8221;][vc_custom_heading text=&#8221;H\u00e3y \u0111\u1ec3 ch\u00fang t\u00f4i cam k\u1ebft v\u1ec1 n\u0103ng l\u01b0\u1ee3ng m\u1eb7t tr\u1eddi\u2026&#8221; font_container=&#8221;tag:h4|text_align:left&#8221; use_theme_fonts=&#8221;yes&#8221;][vc_column_text]Ch\u00fang t\u00f4i tin r\u1eb1ng ch\u00fang t\u00f4i c\u00f3 th\u1ec3 t\u1ea1o ra s\u1ef1 kh\u00e1c bi\u1ec7t cho th\u1ebf gi\u1edbi n\u00e0y, cho ch\u00ednh tr\u00e1i \u0111\u1ea5t m\u00e0 ch\u00fang ta \u0111ang s\u1ed1ng. Ch\u00fang ta \u0111\u00e3 ph\u00e1 r\u1eebng v\u00ec b\u1ea5t c\u1ee9 l\u00fd do g\u00ec trong nhi\u1ec1u n\u0103m. R\u1eebng ho\u1ea1t \u0111\u1ed9ng gi\u1ed1ng nh\u01b0 l\u00e1 ph\u1ed5i c\u1ee7a ch\u00fang ta, l\u1ecdc s\u1ea1ch kh\u00f4ng kh\u00ed v\u00e0 ch\u1eefa b\u1ec7nh cho ta.<\/p>\n<p>M\u1ecdi ng\u01b0\u1eddi \u0111\u1ec1u \u0111\u1ed3ng \u00fd r\u1eb1ng c\u00e2y l\u00e0 tri k\u1ef7 t\u1ed1t nh\u1ea5t cho con ng\u01b0\u1eddi tr\u00ean tr\u00e1i \u0111\u1ea5t n\u00e0y. Tuy nhi\u00ean, ch\u00fang t\u00f4i ti\u1ebfp t\u1ee5c \u0111\u1ed1n h\u1ea1 ch\u00fang m\u00e0 kh\u00f4ng c\u00f3 b\u1ea5t k\u1ef3 s\u1ef1 e ng\u1ea1i n\u00e0o. Ch\u1ec9 khi c\u00e2y cu\u1ed1i c\u00f9ng b\u1ecb ch\u1eb7t v\u00e0 d\u00f2ng s\u00f4ng cu\u1ed1i c\u00f9ng b\u1ecb nhi\u1ec5m \u0111\u1ed9c, ch\u00fang ta m\u1edbi bi\u1ebft r\u1eb1ng m\u00ecnh kh\u00f4ng th\u1ec3 \u0103n ti\u1ec1n.<br \/>\nTr\u00e1i \u0111\u1ea5t xinh \u0111\u1eb9p n\u00e0y c\u1ea7n \u0111\u01b0\u1ee3c \u0111\u1ed1i x\u1eed t\u00f4n tr\u1ecdng h\u01a1n.<br \/>\nH\u00e3y \u0111\u1ec3 ch\u00fang t\u00f4i l\u00e0m \u0111i\u1ec1u \u0111\u00f3 ngay b\u00e2y gi\u1edd\u2026[\/vc_column_text][\/vc_column_inner][vc_column_inner width=&#8221;1\/2&#8243; col_space=&#8221;no-space&#8221; css=&#8221;.vc_custom_1450507356340{padding-top: 30px !important;padding-right: 30px !important;padding-bottom: 30px !important;padding-left: 30px !important;}&#8221;][vc_single_image image=&#8221;8228&#8243; img_size=&#8221;full&#8221;][\/vc_column_inner][\/vc_row_inner][\/vc_column][\/vc_row][vc_row full_width=&#8221;stretch_row&#8221; css=&#8221;.vc_custom_1659689714940{padding-top: 0px !important;padding-bottom: 0px !important;}&#8221; el_class=&#8221;dt-sc-full-box-light-color&#8221;][vc_column width=&#8221;1\/2&#8243; el_class=&#8221;title-h3&#8243; offset=&#8221;vc_hidden-lg vc_hidden-md vc_hidden-sm vc_hidden-xs&#8221;][\/vc_column][vc_column width=&#8221;1\/2&#8243; offset=&#8221;vc_hidden-lg vc_hidden-md vc_hidden-sm vc_hidden-xs&#8221;][\/vc_column][\/vc_row][vc_row][vc_column][vc_btn title=&#8221;Contact&#8221; i_icon_fontawesome=&#8221;fas fa-address-card&#8221; add_icon=&#8221;true&#8221; el_id=&#8221;contact-home&#8221; link=&#8221;url:%2Fcontact-us%2F&#8221;][\/vc_column][\/vc_row]<\/p>\n","protected":false},"excerpt":{"rendered":"<p>[vc_row][vc_column][vc_empty_space height=&#8221;20px&#8221;][\/vc_column][\/vc_row][vc_row][vc_column width=&#8221;1\/4&#8243;][\/vc_column][vc_column width=&#8221;1\/4&#8243;][\/vc_column][vc_column width=&#8221;1\/4&#8243;][\/vc_column][vc_column width=&#8221;1\/4&#8243;][\/vc_column][\/vc_row][vc_row][vc_column][vc_empty_space height=&#8221;90px&#8221;][vc_row_inner][vc_column_inner width=&#8221;1\/2&#8243; col_space=&#8221;no-space&#8221;][vc_custom_heading text=&#8221;H\u00e3y \u0111\u1ec3 ch\u00fang t\u00f4i cam k\u1ebft v\u1ec1 n\u0103ng l\u01b0\u1ee3ng m\u1eb7t tr\u1eddi\u2026&#8221; font_container=&#8221;tag:h4|text_align:left&#8221; use_theme_fonts=&#8221;yes&#8221;][vc_column_text]Ch\u00fang t\u00f4i tin r\u1eb1ng ch\u00fang t\u00f4i c\u00f3 th\u1ec3 t\u1ea1o ra s\u1ef1 kh\u00e1c bi\u1ec7t cho th\u1ebf gi\u1edbi n\u00e0y, cho ch\u00ednh tr\u00e1i \u0111\u1ea5t m\u00e0 ch\u00fang ta \u0111ang s\u1ed1ng. Ch\u00fang ta \u0111\u00e3 ph\u00e1 r\u1eebng v\u00ec b\u1ea5t c\u1ee9 [&hellip;]<\/p>\n","protected":false},"author":1,"featured_media":0,"parent":0,"menu_order":0,"comment_status":"closed","ping_status":"closed","template":"","meta":[],"_links":{"self":[{"href":"https:\/\/k-electric.com.vn\/vi\/wp-json\/wp\/v2\/pages\/8411"}],"collection":[{"href":"https:\/\/k-electric.com.vn\/vi\/wp-json\/wp\/v2\/pages"}],"about":[{"href":"https:\/\/k-electric.com.vn\/vi\/wp-json\/wp\/v2\/types\/page"}],"author":[{"embeddable":true,"href":"https:\/\/k-electric.com.vn\/vi\/wp-json\/wp\/v2\/users\/1"}],"replies":[{"embeddable":true,"href":"https:\/\/k-electric.com.vn\/vi\/wp-json\/wp\/v2\/comments?post=8411"}],"version-history":[{"count":4,"href":"https:\/\/k-electric.com.vn\/vi\/wp-json\/wp\/v2\/pages\/8411\/revisions"}],"predecessor-version":[{"id":8941,"href":"https:\/\/k-electric.com.vn\/vi\/wp-json\/wp\/v2\/pages\/8411\/revisions\/8941"}],"wp:attachment":[{"href":"https:\/\/k-electric.com.vn\/vi\/wp-json\/wp\/v2\/media?parent=8411"}],"curies":[{"name":"wp","href":"https:\/\/api.w.org\/{rel}","templated":true}]}}