{"id":8429,"date":"2022-08-03T06:52:30","date_gmt":"2022-08-03T06:52:30","guid":{"rendered":"https:\/\/k-electric.com.vn\/?page_id=8429"},"modified":"2022-11-07T04:29:14","modified_gmt":"2022-11-07T04:29:14","slug":"kinh-doanh-truyen-tai","status":"publish","type":"page","link":"https:\/\/k-electric.com.vn\/vi\/kinh-doanh-truyen-tai\/","title":{"rendered":"Kinh doanh truy\u1ec1n t\u1ea3i"},"content":{"rendered":"<p>[vc_row][vc_column width=&#8221;1\/2&#8243;][vc_single_image image=&#8221;8666&#8243; img_size=&#8221;full&#8221;][\/vc_column][vc_column width=&#8221;1\/2&#8243;][vc_column_text]<strong>Kinh doanh Transmission<\/strong><\/p>\n<p>Trung t\u00e2m Vi\u1ec7t Nam \u0111ang ti\u1ebfn h\u00e0nh m\u1ed9t ho\u1ea1t \u0111\u1ed9ng kinh doanh v\u1edbi m\u1ee5c \u0111\u00edch ch\u00ednh l\u00e0 l\u1eafp \u0111\u1eb7t v\u00e0 qu\u1ea3n l\u00fd c\u00e1c thi\u1ebft b\u1ecb \u0111i\u1ec7n c\u1ea7n thi\u1ebft \u0111\u1ec3 truy\u1ec1n t\u1ea3i \u0111i\u1ec7n t\u1eeb c\u00e1c nh\u00e0 m\u00e1y \u0111i\u1ec7n s\u1ea3n xu\u1ea5t \u0111\u1ebfn c\u00e1c \u0111\u01a1n v\u1ecb v\u1eadn h\u00e0nh ph\u00e2n ph\u1ed1i trong l\u0129nh v\u1ef1c kinh doanh truy\u1ec1n t\u1ea3i \u0111i\u1ec7n\u2026<\/p>\n<p><strong>Ho\u1ea1t \u0111\u1ed9ng c\u1ee7a Trung t\u00e2m Vi\u1ec7t Nam:<\/strong><\/p>\n<p>1) H\u1ed7 tr\u1ee3 c\u00f4ng vi\u1ec7c thi\u1ebft k\u1ebf c\u01a1 b\u1ea3n \u0111\u01b0\u1eddng truy\u1ec1n.<\/p>\n<p>2) H\u1ed7 tr\u1ee3 c\u00f4ng vi\u1ec7c thi\u1ebft k\u1ebf chi ti\u1ebft cho \u0111\u01b0\u1eddng truy\u1ec1n.<\/p>\n<p>3) H\u1ed7 tr\u1ee3 ki\u1ec3m tra ch\u1ea5t l\u01b0\u1ee3ng Pylon.<\/p>\n<p>4) H\u1ed7 tr\u1ee3 ch\u1ea9n \u0111o\u00e1n hi\u1ec7u su\u1ea5t to\u00e0n di\u1ec7n c\u1ee7a c\u00e1c c\u01a1 s\u1edf truy\u1ec1n t\u1ea3i \u0111i\u1ec7n c\u0169.[\/vc_column_text][\/vc_column][\/vc_row]<\/p>\n","protected":false},"excerpt":{"rendered":"<p>[vc_row][vc_column width=&#8221;1\/2&#8243;][vc_single_image image=&#8221;8666&#8243; img_size=&#8221;full&#8221;][\/vc_column][vc_column width=&#8221;1\/2&#8243;][vc_column_text]Kinh doanh Transmission Trung t\u00e2m Vi\u1ec7t Nam \u0111ang ti\u1ebfn h\u00e0nh m\u1ed9t ho\u1ea1t \u0111\u1ed9ng kinh doanh v\u1edbi m\u1ee5c \u0111\u00edch ch\u00ednh l\u00e0 l\u1eafp \u0111\u1eb7t v\u00e0 qu\u1ea3n l\u00fd c\u00e1c thi\u1ebft b\u1ecb \u0111i\u1ec7n c\u1ea7n thi\u1ebft \u0111\u1ec3 truy\u1ec1n t\u1ea3i \u0111i\u1ec7n t\u1eeb c\u00e1c nh\u00e0 m\u00e1y \u0111i\u1ec7n s\u1ea3n xu\u1ea5t \u0111\u1ebfn c\u00e1c \u0111\u01a1n v\u1ecb v\u1eadn h\u00e0nh ph\u00e2n ph\u1ed1i trong [&hellip;]<\/p>\n","protected":false},"author":1,"featured_media":0,"parent":0,"menu_order":0,"comment_status":"closed","ping_status":"closed","template":"","meta":[],"_links":{"self":[{"href":"https:\/\/k-electric.com.vn\/vi\/wp-json\/wp\/v2\/pages\/8429"}],"collection":[{"href":"https:\/\/k-electric.com.vn\/vi\/wp-json\/wp\/v2\/pages"}],"about":[{"href":"https:\/\/k-electric.com.vn\/vi\/wp-json\/wp\/v2\/types\/page"}],"author":[{"embeddable":true,"href":"https:\/\/k-electric.com.vn\/vi\/wp-json\/wp\/v2\/users\/1"}],"replies":[{"embeddable":true,"href":"https:\/\/k-electric.com.vn\/vi\/wp-json\/wp\/v2\/comments?post=8429"}],"version-history":[{"count":9,"href":"https:\/\/k-electric.com.vn\/vi\/wp-json\/wp\/v2\/pages\/8429\/revisions"}],"predecessor-version":[{"id":9007,"href":"https:\/\/k-electric.com.vn\/vi\/wp-json\/wp\/v2\/pages\/8429\/revisions\/9007"}],"wp:attachment":[{"href":"https:\/\/k-electric.com.vn\/vi\/wp-json\/wp\/v2\/media?parent=8429"}],"curies":[{"name":"wp","href":"https:\/\/api.w.org\/{rel}","templated":true}]}}