{"id":8859,"date":"2022-09-07T04:12:49","date_gmt":"2022-09-07T04:12:49","guid":{"rendered":"https:\/\/k-electric.com.vn\/rd-center\/"},"modified":"2022-11-07T02:45:26","modified_gmt":"2022-11-07T02:45:26","slug":"trung-tam-r-d","status":"publish","type":"page","link":"https:\/\/k-electric.com.vn\/vi\/trung-tam-r-d\/","title":{"rendered":"Trung t\u00e2m R&#038;D"},"content":{"rendered":"<p>[vc_row][vc_column]<div id=\"ultimate-heading-216469d2650811d13\" class=\"uvc-heading ult-adjust-bottom-margin ultimate-heading-216469d2650811d13 uvc-1925 \" data-hspacer=\"no_spacer\"  data-halign=\"left\" style=\"text-align:left\"><div class=\"uvc-heading-spacer no_spacer\" style=\"top\"><\/div><div class=\"uvc-main-heading ult-responsive\"  data-ultimate-target='.uvc-heading.ultimate-heading-216469d2650811d13 h2'  data-responsive-json-new='{\"font-size\":\"\",\"line-height\":\"\"}' ><h2 style=\"font-weight:normal;\"> Cad \/ Cae \/ M\u00f4 ph\u1ecfng<\/h2><\/div><\/div>[vc_column_text][\/vc_column_text][vc_single_image image=&#8221;8835&#8243; img_size=&#8221;full&#8221; alignment=&#8221;center&#8221;][\/vc_column][\/vc_row][vc_row][vc_column]<div id=\"ultimate-heading-254269d2650811d4e\" class=\"uvc-heading ult-adjust-bottom-margin ultimate-heading-254269d2650811d4e uvc-9509 \" data-hspacer=\"no_spacer\"  data-halign=\"left\" style=\"text-align:left\"><div class=\"uvc-heading-spacer no_spacer\" style=\"top\"><\/div><div class=\"uvc-main-heading ult-responsive\"  data-ultimate-target='.uvc-heading.ultimate-heading-254269d2650811d4e h2'  data-responsive-json-new='{\"font-size\":\"\",\"line-height\":\"\"}' ><h2 style=\"font-weight:normal;\">C\u01a1 s\u1edf th\u1eed nghi\u1ec7m<\/h2><\/div><\/div>[vc_column_text]\u25cf TR\u1ea0NG TH\u00c1I C\u00d4NG C\u1ee4 \u0110O L\u01af\u1edcNG<br \/>\nM\u00e1y m\u00f4-men xo\u1eafn, M\u00e1y hi\u1ec7n s\u00f3ng, Ngu\u1ed3n \u0111i\u1ec7n DC, Ph\u00f2ng ki\u1ec3m tra \u0111\u1ed9 \u1ed3n, M\u00e1y ph\u00e2n t\u00edch FFT[\/vc_column_text][\/vc_column][vc_column][vc_column_text]\u25cf T\u00ccNH TR\u1ea0NG M\u00c1Y KI\u1ec2M TRA[\/vc_column_text][\/vc_column][\/vc_row][vc_row][vc_column width=&#8221;1\/2&#8243;][vc_single_image image=&#8221;8801&#8243; img_size=&#8221;full&#8221; alignment=&#8221;center&#8221;][\/vc_column][vc_column width=&#8221;1\/2&#8243;][vc_single_image image=&#8221;8804&#8243; img_size=&#8221;large&#8221; alignment=&#8221;center&#8221;][\/vc_column][\/vc_row][vc_row][vc_column][vc_column_text]\u25cf T\u00ccNH TR\u1ea0NG KI\u1ec2M TRA &amp; \u0110O L\u01af\u1edcNG<br \/>\nM\u00e1y \u0111o th\u00f4ng l\u01b0\u1ee3ng, M\u00e1y ki\u1ec3m tra b\u1ec1 m\u1eb7t, M\u00e1y ki\u1ec3m tra cao, M\u00e1y ki\u1ec3m tra v\u00f2ng, M\u00e1y ki\u1ec3m tra khai th\u00e1c, 3D CMM, M\u00e1y ki\u1ec3m tra \u0111a n\u0103ng, M\u00e1y chi\u1ebfu, M\u00e1y ki\u1ec3m tra m\u00f9a xu\u00e2n, M\u00e1y \u0111o RCL<\/p>\n<p>\u25cf D\u1ee4NG C\u1ee4 \u0110O L\u01af\u1edcNG[\/vc_column_text][\/vc_column][\/vc_row][vc_row][vc_column width=&#8221;1\/3&#8243;][vc_single_image image=&#8221;8807&#8243; img_size=&#8221;full&#8221;][\/vc_column][vc_column width=&#8221;1\/3&#8243;][vc_single_image image=&#8221;8810&#8243; img_size=&#8221;full&#8221;][\/vc_column][vc_column width=&#8221;1\/3&#8243;][vc_single_image image=&#8221;8813&#8243; img_size=&#8221;full&#8221;][\/vc_column][vc_column][vc_column_text]\u25cf T\u00ccNH TR\u1ea0NG M\u00c1Y KI\u1ec2M TRA<br \/>\nM\u00e1y \u0111o th\u00f4ng l\u01b0\u1ee3ng, M\u00e1y ki\u1ec3m tra b\u1ec1 m\u1eb7t, M\u00e1y ki\u1ec3m tra cao, M\u00e1y ki\u1ec3m tra v\u00f2ng, M\u00e1y ki\u1ec3m tra khai th\u00e1c, 3D CMM, M\u00e1y ki\u1ec3m tra \u0111a n\u0103ng, M\u00e1y chi\u1ebfu, M\u00e1y ki\u1ec3m tra m\u00f9a xu\u00e2n, M\u00e1y \u0111o RCL<\/p>\n<p>\u25cf CHAMBER NHI\u1ec6T \u0110\u1ed8 &amp; NHI\u1ec6T \u0110\u1ed8[\/vc_column_text][\/vc_column][\/vc_row][vc_row][vc_column width=&#8221;1\/2&#8243;][vc_single_image image=&#8221;8816&#8243; img_size=&#8221;full&#8221;][\/vc_column][vc_column width=&#8221;1\/2&#8243;][vc_single_image image=&#8221;8819&#8243; img_size=&#8221;full&#8221;][\/vc_column][\/vc_row][vc_row][vc_column][\/vc_column][\/vc_row]<\/p>\n","protected":false},"excerpt":{"rendered":"<p>[vc_row][vc_column][vc_column_text][\/vc_column_text][vc_single_image image=&#8221;8835&#8243; img_size=&#8221;full&#8221; alignment=&#8221;center&#8221;][\/vc_column][\/vc_row][vc_row][vc_column][vc_column_text]\u25cf TR\u1ea0NG TH\u00c1I C\u00d4NG C\u1ee4 \u0110O L\u01af\u1edcNG M\u00e1y m\u00f4-men xo\u1eafn, M\u00e1y hi\u1ec7n s\u00f3ng, Ngu\u1ed3n \u0111i\u1ec7n DC, Ph\u00f2ng ki\u1ec3m tra \u0111\u1ed9 \u1ed3n, M\u00e1y ph\u00e2n t\u00edch FFT[\/vc_column_text][\/vc_column][vc_column][vc_column_text]\u25cf T\u00ccNH TR\u1ea0NG M\u00c1Y KI\u1ec2M TRA[\/vc_column_text][\/vc_column][\/vc_row][vc_row][vc_column width=&#8221;1\/2&#8243;][vc_single_image image=&#8221;8801&#8243; img_size=&#8221;full&#8221; alignment=&#8221;center&#8221;][\/vc_column][vc_column width=&#8221;1\/2&#8243;][vc_single_image image=&#8221;8804&#8243; img_size=&#8221;large&#8221; alignment=&#8221;center&#8221;][\/vc_column][\/vc_row][vc_row][vc_column][vc_column_text]\u25cf T\u00ccNH TR\u1ea0NG KI\u1ec2M TRA &amp; \u0110O L\u01af\u1edcNG M\u00e1y \u0111o th\u00f4ng l\u01b0\u1ee3ng, M\u00e1y ki\u1ec3m tra [&hellip;]<\/p>\n","protected":false},"author":1,"featured_media":0,"parent":0,"menu_order":0,"comment_status":"closed","ping_status":"closed","template":"","meta":[],"_links":{"self":[{"href":"https:\/\/k-electric.com.vn\/vi\/wp-json\/wp\/v2\/pages\/8859"}],"collection":[{"href":"https:\/\/k-electric.com.vn\/vi\/wp-json\/wp\/v2\/pages"}],"about":[{"href":"https:\/\/k-electric.com.vn\/vi\/wp-json\/wp\/v2\/types\/page"}],"author":[{"embeddable":true,"href":"https:\/\/k-electric.com.vn\/vi\/wp-json\/wp\/v2\/users\/1"}],"replies":[{"embeddable":true,"href":"https:\/\/k-electric.com.vn\/vi\/wp-json\/wp\/v2\/comments?post=8859"}],"version-history":[{"count":2,"href":"https:\/\/k-electric.com.vn\/vi\/wp-json\/wp\/v2\/pages\/8859\/revisions"}],"predecessor-version":[{"id":8957,"href":"https:\/\/k-electric.com.vn\/vi\/wp-json\/wp\/v2\/pages\/8859\/revisions\/8957"}],"wp:attachment":[{"href":"https:\/\/k-electric.com.vn\/vi\/wp-json\/wp\/v2\/media?parent=8859"}],"curies":[{"name":"wp","href":"https:\/\/api.w.org\/{rel}","templated":true}]}}