{"id":9082,"date":"2022-11-07T10:13:35","date_gmt":"2022-11-07T10:13:35","guid":{"rendered":"https:\/\/k-electric.com.vn\/?page_id=9082"},"modified":"2022-11-07T10:13:35","modified_gmt":"2022-11-07T10:13:35","slug":"he-thong-quan-ly-dieu-khien-tu-xa-va-dieu-khien-thong-minh","status":"publish","type":"page","link":"https:\/\/k-electric.com.vn\/vi\/he-thong-quan-ly-dieu-khien-tu-xa-va-dieu-khien-thong-minh\/","title":{"rendered":"H\u1ec7 th\u1ed1ng qu\u1ea3n l\u00fd \u0111i\u1ec1u khi\u1ec3n t\u1eeb xa v\u00e0 \u0111i\u1ec1u khi\u1ec3n th\u00f4ng minh"},"content":{"rendered":"<p>[vc_row][vc_column width=&#8221;1\/2&#8243;][vc_single_image image=&#8221;9078&#8243; img_size=&#8221;full&#8221;][\/vc_column][vc_column width=&#8221;1\/2&#8243;][vc_column_text]Trung t\u00e2m Vi\u1ec7t Nam s\u1eed d\u1ee5ng m\u1ea1ng m\u00e1y t\u00ednh \u0111\u1ec3 qu\u1ea3n l\u00fd t\u1eeb xa c\u00e1c c\u01a1 s\u1edf nh\u01b0 nh\u00e0 m\u00e1y \u0111i\u1ec7n v\u00e0 tr\u1ea1m bi\u1ebfn \u00e1p v\u00e0 ti\u1ebfn h\u00e0nh kinh doanh \u0111i\u1ec1u khi\u1ec3n \u0111i\u1ec7n n\u0103ng th\u00f4ng minh.<\/p>\n<p>Ho\u1ea1t \u0111\u1ed9ng c\u1ee7a Trung t\u00e2m Vi\u1ec7t Nam<\/p>\n<ol>\n<li>H\u1ec7 \u0111i\u1ec1u h\u00e0nh tr\u1ea1m con k\u1ef9 thu\u1eadt s\u1ed1<\/li>\n<li>B\u1ea3ng \u0111i\u1ec1u khi\u1ec3n gi\u00e1m s\u00e1t t\u1eadp trung<\/li>\n<li>Thi\u1ebft b\u1ecb c\u1ea7m tay t\u1eeb xa \u0111a ch\u1ee9c n\u0103ng SCADA (RTU)<\/li>\n<li>Gi\u00e1m s\u00e1t v\u00e0 \u0111i\u1ec1u khi\u1ec3n t\u1eeb xa c\u00f3 d\u00e2y v\u00e0 kh\u00f4ng d\u00e2y<\/li>\n<li>H\u1ec7 th\u1ed1ng qu\u1ea3n l\u00fd t\u00e0i s\u1ea3n c\u01a1 s\u1edf \u0111i\u1ec7n th\u00f4ng minh<\/li>\n<\/ol>\n<p>[\/vc_column_text][\/vc_column][\/vc_row]<\/p>\n","protected":false},"excerpt":{"rendered":"<p>[vc_row][vc_column width=&#8221;1\/2&#8243;][vc_single_image image=&#8221;9078&#8243; img_size=&#8221;full&#8221;][\/vc_column][vc_column width=&#8221;1\/2&#8243;][vc_column_text]Trung t\u00e2m Vi\u1ec7t Nam s\u1eed d\u1ee5ng m\u1ea1ng m\u00e1y t\u00ednh \u0111\u1ec3 qu\u1ea3n l\u00fd t\u1eeb xa c\u00e1c c\u01a1 s\u1edf nh\u01b0 nh\u00e0 m\u00e1y \u0111i\u1ec7n v\u00e0 tr\u1ea1m bi\u1ebfn \u00e1p v\u00e0 ti\u1ebfn h\u00e0nh kinh doanh \u0111i\u1ec1u khi\u1ec3n \u0111i\u1ec7n n\u0103ng th\u00f4ng minh. Ho\u1ea1t \u0111\u1ed9ng c\u1ee7a Trung t\u00e2m Vi\u1ec7t Nam H\u1ec7 \u0111i\u1ec1u h\u00e0nh tr\u1ea1m con k\u1ef9 thu\u1eadt s\u1ed1 [&hellip;]<\/p>\n","protected":false},"author":1,"featured_media":0,"parent":0,"menu_order":0,"comment_status":"closed","ping_status":"closed","template":"","meta":[],"_links":{"self":[{"href":"https:\/\/k-electric.com.vn\/vi\/wp-json\/wp\/v2\/pages\/9082"}],"collection":[{"href":"https:\/\/k-electric.com.vn\/vi\/wp-json\/wp\/v2\/pages"}],"about":[{"href":"https:\/\/k-electric.com.vn\/vi\/wp-json\/wp\/v2\/types\/page"}],"author":[{"embeddable":true,"href":"https:\/\/k-electric.com.vn\/vi\/wp-json\/wp\/v2\/users\/1"}],"replies":[{"embeddable":true,"href":"https:\/\/k-electric.com.vn\/vi\/wp-json\/wp\/v2\/comments?post=9082"}],"version-history":[{"count":1,"href":"https:\/\/k-electric.com.vn\/vi\/wp-json\/wp\/v2\/pages\/9082\/revisions"}],"predecessor-version":[{"id":9142,"href":"https:\/\/k-electric.com.vn\/vi\/wp-json\/wp\/v2\/pages\/9082\/revisions\/9142"}],"wp:attachment":[{"href":"https:\/\/k-electric.com.vn\/vi\/wp-json\/wp\/v2\/media?parent=9082"}],"curies":[{"name":"wp","href":"https:\/\/api.w.org\/{rel}","templated":true}]}}