{"id":9034,"date":"2022-11-07T08:07:40","date_gmt":"2022-11-07T08:07:40","guid":{"rendered":"https:\/\/k-electric.com.vn\/?post_type=product&#038;p=9034"},"modified":"2022-11-07T08:08:39","modified_gmt":"2022-11-07T08:08:39","slug":"he-thong-quan-ly-thuy-van-dap-va-ho-chua","status":"publish","type":"product","link":"https:\/\/k-electric.com.vn\/vi\/product\/he-thong-quan-ly-thuy-van-dap-va-ho-chua\/","title":{"rendered":"H\u1ec7 th\u1ed1ng qu\u1ea3n l\u00fd th\u1ee7y v\u0103n \u0111\u1eadp v\u00e0 h\u1ed3 ch\u1ee9a"},"content":{"rendered":"<p>T\u00ednh n\u0103ng h\u1ec7 th\u1ed1ng<\/p>\n<p>&#8211; Qu\u1ea3n l\u00fd hi\u1ec7u qu\u1ea3 c\u01a1 s\u1edf v\u1eadt ch\u1ea5t.<\/p>\n<p>&#8211; D\u1ec5 d\u00e0ng cung c\u1ea5p n\u01b0\u1edbc v\u00e0 gi\u1ea3m thi\u1ec3u l\u00e3ng ph\u00ed nh\u00e2n l\u1ef1c.<\/p>\n<p>&#8211; Ph\u1ea3n \u1ee9ng nhanh khi c\u00f3 th\u1ea3m h\u1ecda.<\/p>\n<p>&#8211; H\u1ed3 s\u01a1 v\u00e0 ph\u00e2n t\u00edch b\u1ea3o tr\u00ec.<\/p>\n<p><strong>S\u01a1 \u0111\u1ed3 h\u1ec7 th\u1ed1ng<\/strong><\/p>\n<p><img loading=\"lazy\" class=\"alignnone size-medium wp-image-7829\" src=\"https:\/\/k-electric.com.vn\/wp-content\/uploads\/2022\/07\/bv4-1-300x168.jpg\" alt=\"\" width=\"680\" height=\"381\" srcset=\"https:\/\/k-electric.com.vn\/wp-content\/uploads\/2022\/07\/bv4-1-300x168.jpg 300w, https:\/\/k-electric.com.vn\/wp-content\/uploads\/2022\/07\/bv4-1-600x336.jpg 600w, https:\/\/k-electric.com.vn\/wp-content\/uploads\/2022\/07\/bv4-1.jpg 680w\" sizes=\"(max-width: 680px) 100vw, 680px\" \/><\/p>\n","protected":false},"excerpt":{"rendered":"<p>M\u1ed9t H\u1ec7 th\u1ed1ng \u0111\u01b0\u1ee3c c\u1ea5u h\u00ecnh v\u00e0 v\u1eadn h\u00e0nh \u0111\u1ec3 cung c\u1ea5p v\u00e0 ki\u1ec3m so\u00e1t n\u01b0\u1edbc t\u00edch c\u1ef1c \u0111\u1ebfn nh\u1eefng n\u01a1i c\u1ea7n thi\u1ebft th\u00f4ng qua c\u00e1c c\u00f4ng tr\u00ecnh tho\u00e1t n\u01b0\u1edbc nh\u01b0 \u0111\u1eadp, h\u1ed3 ch\u1ee9a v\u00e0 thao t\u00e1c s\u1eed d\u1ee5ng n\u01b0\u1edbc, \u0111\u1ed3ng th\u1eddi \u0111\u1ec3 x\u00e1c \u0111\u1ecbnh v\u00e0 ki\u1ec3m so\u00e1t lo\u1ea1i tr\u1eeb.<\/p>\n","protected":false},"featured_media":7877,"comment_status":"open","ping_status":"closed","template":"","meta":[],"product_cat":[122],"product_tag":[],"_links":{"self":[{"href":"https:\/\/k-electric.com.vn\/vi\/wp-json\/wp\/v2\/product\/9034"}],"collection":[{"href":"https:\/\/k-electric.com.vn\/vi\/wp-json\/wp\/v2\/product"}],"about":[{"href":"https:\/\/k-electric.com.vn\/vi\/wp-json\/wp\/v2\/types\/product"}],"replies":[{"embeddable":true,"href":"https:\/\/k-electric.com.vn\/vi\/wp-json\/wp\/v2\/comments?post=9034"}],"wp:featuredmedia":[{"embeddable":true,"href":"https:\/\/k-electric.com.vn\/vi\/wp-json\/wp\/v2\/media\/7877"}],"wp:attachment":[{"href":"https:\/\/k-electric.com.vn\/vi\/wp-json\/wp\/v2\/media?parent=9034"}],"wp:term":[{"taxonomy":"product_cat","embeddable":true,"href":"https:\/\/k-electric.com.vn\/vi\/wp-json\/wp\/v2\/product_cat?post=9034"},{"taxonomy":"product_tag","embeddable":true,"href":"https:\/\/k-electric.com.vn\/vi\/wp-json\/wp\/v2\/product_tag?post=9034"}],"curies":[{"name":"wp","href":"https:\/\/api.w.org\/{rel}","templated":true}]}}