{"id":9041,"date":"2022-11-07T08:22:18","date_gmt":"2022-11-07T08:22:18","guid":{"rendered":"https:\/\/k-electric.com.vn\/?post_type=product&#038;p=9041"},"modified":"2022-11-07T08:24:25","modified_gmt":"2022-11-07T08:24:25","slug":"bang-dieu-khien-giam-sat-chuyen-sau","status":"publish","type":"product","link":"https:\/\/k-electric.com.vn\/vi\/product\/bang-dieu-khien-giam-sat-chuyen-sau\/","title":{"rendered":"B\u1ea3ng \u0111i\u1ec1u khi\u1ec3n gi\u00e1m s\u00e1t chuy\u00ean s\u00e2u"},"content":{"rendered":"<p><strong>T\u00ednh n\u0103ng h\u1ec7 th\u1ed1ng<\/strong><\/p>\n<p>&#8211; Gi\u00e1m s\u00e1t s\u1ef1 ki\u1ec7n v\u00e0 thu th\u1eadp d\u1eef li\u1ec7u.<\/p>\n<p>&#8211; Ki\u1ec3m so\u00e1t ch\u00ednh x\u00e1c h\u1ec7 th\u1ed1ng hi\u1ec7n tr\u01b0\u1eddng: \u0110o l\u01b0\u1eddng \u0111\u1ec3 ph\u00e1t hi\u1ec7n c\u00e1c l\u1ed7i kh\u00e1c nhau v\u00e0 ng\u0103n ch\u1eb7n thao t\u00e1c sai.<\/p>\n<p>&#8211; Giao th\u1ee9c truy\u1ec1n th\u00f4ng kh\u00e1c nhau: DNP 3.0, KEPCO DNP 1.0, IEC61850, v.v.<\/p>\n<p>&#8211; Kh\u1ea3 n\u0103ng m\u1edf r\u1ed9ng v\u00e0 t\u01b0\u01a1ng th\u00edch: H\u1ec7 th\u1ed1ng hi\u1ec3n th\u1ecb SLD \/ B\u1ea3ng ph\u00e2n ph\u1ed1i \/ Giao di\u1ec7n v\u1edbi PLC.<\/p>\n<p><strong>S\u01a1 \u0111\u1ed3 h\u1ec7 th\u1ed1ng<\/strong><\/p>\n<p><img loading=\"lazy\" class=\"alignnone size-medium wp-image-7846\" src=\"https:\/\/k-electric.com.vn\/wp-content\/uploads\/2022\/07\/bv6-1-300x259.jpg\" alt=\"\" width=\"680\" height=\"588\" srcset=\"https:\/\/k-electric.com.vn\/wp-content\/uploads\/2022\/07\/bv6-1-300x259.jpg 300w, https:\/\/k-electric.com.vn\/wp-content\/uploads\/2022\/07\/bv6-1-600x519.jpg 600w, https:\/\/k-electric.com.vn\/wp-content\/uploads\/2022\/07\/bv6-1.jpg 680w\" sizes=\"(max-width: 680px) 100vw, 680px\" \/><\/p>\n<p><strong>Th\u00f4ng s\u1ed1 k\u1ef9 thu\u1eadt<\/strong><\/p>\n<p><img loading=\"lazy\" class=\"alignnone size-medium wp-image-7849\" src=\"https:\/\/k-electric.com.vn\/wp-content\/uploads\/2022\/07\/bv6-2-300x66.jpg\" alt=\"\" width=\"850\" height=\"186\" srcset=\"https:\/\/k-electric.com.vn\/wp-content\/uploads\/2022\/07\/bv6-2-300x66.jpg 300w, https:\/\/k-electric.com.vn\/wp-content\/uploads\/2022\/07\/bv6-2-768x168.jpg 768w, https:\/\/k-electric.com.vn\/wp-content\/uploads\/2022\/07\/bv6-2-600x131.jpg 600w, https:\/\/k-electric.com.vn\/wp-content\/uploads\/2022\/07\/bv6-2.jpg 850w\" sizes=\"(max-width: 850px) 100vw, 850px\" \/><\/p>\n","protected":false},"excerpt":{"rendered":"<p>&#8211; M\u1ed9t b\u1ea3ng \u0111i\u1ec1u khi\u1ec3n Gi\u00e1m s\u00e1t bao g\u1ed3m m\u1ed9t m\u00e1y tr\u1ea1m v\u00e0 c\u00e1c thi\u1ebft b\u1ecb ngo\u1ea1i vi (bao g\u1ed3m c\u1ea3 h\u1ec7 th\u1ed1ng hi\u1ec3n th\u1ecb tr\u00ean t\u01b0\u1eddng SLD). H\u1ec7 th\u1ed1ng cung c\u1ea5p th\u00f4ng tin v\u1eadn h\u00e0nh c\u00f4ng tr\u00ecnh \u0111i\u1ec7n do ng\u01b0\u1eddi v\u1eadn h\u00e0nh y\u00eau c\u1ea7u v\u00e0 \u0111\u01b0\u1ee3c k\u1ebft n\u1ed1i v\u1edbi SCADA RTU.<\/p>\n<p>&#8211; Thi\u1ebft b\u1ecb \u0111\u01b0\u1ee3c trang b\u1ecb giao th\u1ee9c ph\u00f9 h\u1ee3p v\u1edbi ti\u00eau chu\u1ea9n KEPCO \u0111\u1ec3 giao ti\u1ebfp v\u1edbi RTU v\u00e0 cung c\u1ea5p th\u00f4ng tin theo y\u00eau c\u1ea7u c\u1ee7a ho\u1ea1t \u0111\u1ed9ng trong qu\u00e1 tr\u00ecnh v\u1eadn h\u00e0nh b\u00ecnh th\u01b0\u1eddng, b\u1ea5t th\u01b0\u1eddng ho\u1eb7c ph\u1ee5c h\u1ed3i h\u1ec7 th\u1ed1ng \u0111i\u1ec7n c\u1ee7a tr\u1ea1m bi\u1ebfn \u00e1p.<\/p>\n","protected":false},"featured_media":7883,"comment_status":"open","ping_status":"closed","template":"","meta":[],"product_cat":[122],"product_tag":[],"_links":{"self":[{"href":"https:\/\/k-electric.com.vn\/vi\/wp-json\/wp\/v2\/product\/9041"}],"collection":[{"href":"https:\/\/k-electric.com.vn\/vi\/wp-json\/wp\/v2\/product"}],"about":[{"href":"https:\/\/k-electric.com.vn\/vi\/wp-json\/wp\/v2\/types\/product"}],"replies":[{"embeddable":true,"href":"https:\/\/k-electric.com.vn\/vi\/wp-json\/wp\/v2\/comments?post=9041"}],"wp:featuredmedia":[{"embeddable":true,"href":"https:\/\/k-electric.com.vn\/vi\/wp-json\/wp\/v2\/media\/7883"}],"wp:attachment":[{"href":"https:\/\/k-electric.com.vn\/vi\/wp-json\/wp\/v2\/media?parent=9041"}],"wp:term":[{"taxonomy":"product_cat","embeddable":true,"href":"https:\/\/k-electric.com.vn\/vi\/wp-json\/wp\/v2\/product_cat?post=9041"},{"taxonomy":"product_tag","embeddable":true,"href":"https:\/\/k-electric.com.vn\/vi\/wp-json\/wp\/v2\/product_tag?post=9041"}],"curies":[{"name":"wp","href":"https:\/\/api.w.org\/{rel}","templated":true}]}}