{"id":9046,"date":"2022-11-07T08:28:48","date_gmt":"2022-11-07T08:28:48","guid":{"rendered":"https:\/\/k-electric.com.vn\/?post_type=product&#038;p=9046"},"modified":"2022-11-07T08:30:44","modified_gmt":"2022-11-07T08:30:44","slug":"he-thong-van-hanh-tram-bien-ap-ky-thuat-so","status":"publish","type":"product","link":"https:\/\/k-electric.com.vn\/vi\/product\/he-thong-van-hanh-tram-bien-ap-ky-thuat-so\/","title":{"rendered":"H\u1ec7 th\u1ed1ng v\u1eadn h\u00e0nh tr\u1ea1m bi\u1ebfn \u00e1p k\u1ef9 thu\u1eadt s\u1ed1"},"content":{"rendered":"<p><strong>T\u00ednh n\u0103ng h\u1ec7 th\u1ed1ng<\/strong><\/p>\n<p>&#8211; M\u00f4-\u0111un truy\u1ec1n th\u00f4ng IEC 61850 CLIENT, KEPCO DNP1.0.<\/p>\n<p>&#8211; NH\u1eacP t\u1ec7p SCL \u0111\u1ec3 c\u1ea5u h\u00ecnh giao ti\u1ebfp IED.<\/p>\n<p>&#8211; C\u00f3 th\u1ec3 hi\u1ec3n th\u1ecb d\u1eef li\u1ec7u c\u1ea7n thi\u1ebft (\u0111o l\u01b0\u1eddng, tr\u1ea1ng th\u00e1i, b\u00e1o \u0111\u1ed9ng, v.v.) th\u00f4ng qua ch\u1ec9nh s\u1eeda \u0111\u1ed3 h\u1ecda mi\u1ec5n ph\u00ed.<\/p>\n<p>&#8211; L\u01b0u tr\u1eef th\u00f4ng tin ch\u00ednh li\u00ean quan \u0111\u1ebfn s\u1ef1 ki\u1ec7n v\u00e0 h\u1ec7 th\u1ed1ng.<\/p>\n<p><img loading=\"lazy\" class=\"alignnone size-medium wp-image-7856\" src=\"https:\/\/k-electric.com.vn\/wp-content\/uploads\/2022\/07\/bv7-1-300x177.jpg\" alt=\"\" width=\"850\" height=\"502\" srcset=\"https:\/\/k-electric.com.vn\/wp-content\/uploads\/2022\/07\/bv7-1-300x177.jpg 300w, https:\/\/k-electric.com.vn\/wp-content\/uploads\/2022\/07\/bv7-1-768x454.jpg 768w, https:\/\/k-electric.com.vn\/wp-content\/uploads\/2022\/07\/bv7-1-600x354.jpg 600w, https:\/\/k-electric.com.vn\/wp-content\/uploads\/2022\/07\/bv7-1.jpg 850w\" sizes=\"(max-width: 850px) 100vw, 850px\" \/><\/p>\n<p><strong>S\u01a1 \u0111\u1ed3 h\u1ec7 th\u1ed1ng<\/strong><\/p>\n<p><img loading=\"lazy\" class=\"alignnone size-medium wp-image-7859\" src=\"https:\/\/k-electric.com.vn\/wp-content\/uploads\/2022\/07\/bv7-2-300x178.jpg\" alt=\"\" width=\"850\" height=\"505\" srcset=\"https:\/\/k-electric.com.vn\/wp-content\/uploads\/2022\/07\/bv7-2-300x178.jpg 300w, https:\/\/k-electric.com.vn\/wp-content\/uploads\/2022\/07\/bv7-2-768x456.jpg 768w, https:\/\/k-electric.com.vn\/wp-content\/uploads\/2022\/07\/bv7-2-600x356.jpg 600w, https:\/\/k-electric.com.vn\/wp-content\/uploads\/2022\/07\/bv7-2.jpg 850w\" sizes=\"(max-width: 850px) 100vw, 850px\" \/><\/p>\n<p><strong>Th\u00f4ng s\u1ed1 k\u1ef9 thu\u1eadt<\/strong><\/p>\n<p><img loading=\"lazy\" class=\"alignnone size-medium wp-image-7862\" src=\"https:\/\/k-electric.com.vn\/wp-content\/uploads\/2022\/07\/bv7-3-300x60.jpg\" alt=\"\" width=\"850\" height=\"171\" srcset=\"https:\/\/k-electric.com.vn\/wp-content\/uploads\/2022\/07\/bv7-3-300x60.jpg 300w, https:\/\/k-electric.com.vn\/wp-content\/uploads\/2022\/07\/bv7-3-768x155.jpg 768w, https:\/\/k-electric.com.vn\/wp-content\/uploads\/2022\/07\/bv7-3-600x121.jpg 600w, https:\/\/k-electric.com.vn\/wp-content\/uploads\/2022\/07\/bv7-3.jpg 850w\" sizes=\"(max-width: 850px) 100vw, 850px\" \/><\/p>\n","protected":false},"excerpt":{"rendered":"<p>H\u1ec7 \u0111i\u1ec1u h\u00e0nh tr\u1ea1m bi\u1ebfn \u00e1p k\u1ef9 thu\u1eadt s\u1ed1 c\u00f3 c\u00e1c ch\u1ee9c n\u0103ng gi\u00e1m s\u00e1t, \u0111o l\u01b0\u1eddng, \u0111i\u1ec1u khi\u1ec3n v\u00e0 ho\u1ea1t \u0111\u1ed9ng b\u1ea3o v\u1ec7 cho s\u1ef1 th\u00f4ng minh c\u1ee7a l\u01b0\u1edbi \u0111i\u1ec7n v\u00e0 \u0111\u01b0\u1ee3c ch\u1ee9ng nh\u1eadn IEC61850. H\u1ec7 \u0111i\u1ec1u h\u00e0nh tr\u1ea1m bi\u1ebfn \u00e1p k\u1ef9 thu\u1eadt s\u1ed1 \u0111\u01b0\u1ee3c c\u00e0i \u0111\u1eb7t t\u1ea1i KEPCO nh\u01b0 m\u1ed9t ti\u00eau chu\u1ea9n.<\/p>\n","protected":false},"featured_media":7886,"comment_status":"open","ping_status":"closed","template":"","meta":[],"product_cat":[122],"product_tag":[],"_links":{"self":[{"href":"https:\/\/k-electric.com.vn\/vi\/wp-json\/wp\/v2\/product\/9046"}],"collection":[{"href":"https:\/\/k-electric.com.vn\/vi\/wp-json\/wp\/v2\/product"}],"about":[{"href":"https:\/\/k-electric.com.vn\/vi\/wp-json\/wp\/v2\/types\/product"}],"replies":[{"embeddable":true,"href":"https:\/\/k-electric.com.vn\/vi\/wp-json\/wp\/v2\/comments?post=9046"}],"wp:featuredmedia":[{"embeddable":true,"href":"https:\/\/k-electric.com.vn\/vi\/wp-json\/wp\/v2\/media\/7886"}],"wp:attachment":[{"href":"https:\/\/k-electric.com.vn\/vi\/wp-json\/wp\/v2\/media?parent=9046"}],"wp:term":[{"taxonomy":"product_cat","embeddable":true,"href":"https:\/\/k-electric.com.vn\/vi\/wp-json\/wp\/v2\/product_cat?post=9046"},{"taxonomy":"product_tag","embeddable":true,"href":"https:\/\/k-electric.com.vn\/vi\/wp-json\/wp\/v2\/product_tag?post=9046"}],"curies":[{"name":"wp","href":"https:\/\/api.w.org\/{rel}","templated":true}]}}